{"id":15462,"date":"2014-08-01T08:18:29","date_gmt":"2014-08-01T08:18:29","guid":{"rendered":"http:\/\/demo.qodeinteractive.com\/bridge28\/?page_id=15462"},"modified":"2026-02-03T16:26:55","modified_gmt":"2026-02-03T16:26:55","slug":"template-home","status":"publish","type":"page","link":"https:\/\/integritystaffingok.com\/es\/","title":{"rendered":"Inicio"},"content":{"rendered":"<div data-elementor-type=\"wp-page\" data-elementor-id=\"15462\" class=\"elementor elementor-15462\">\n\t\t\t\t\t\t<section class=\"elementor-section elementor-top-section elementor-element elementor-element-655b831 elementor-section-boxed elementor-section-height-default elementor-section-height-default parallax_section_no qode_elementor_container_no\" data-id=\"655b831\" data-element_type=\"section\">\n\t\t\t\t\t\t<div class=\"elementor-container elementor-column-gap-default\">\n\t\t\t\t\t<div class=\"elementor-column elementor-col-100 elementor-top-column elementor-element elementor-element-a70bc62\" data-id=\"a70bc62\" data-element_type=\"column\">\n\t\t\t<div class=\"elementor-widget-wrap elementor-element-populated\">\n\t\t\t\t\t\t<div class=\"elementor-element elementor-element-f853449 elementor-widget elementor-widget-text-editor\" data-id=\"f853449\" data-element_type=\"widget\" data-widget_type=\"text-editor.default\">\n\t\t\t\t<div class=\"elementor-widget-container\">\n\t\t\t\t\t\t\t\t\t<h1 style=\"text-align: center;\">Nuestro talento es encontrar el suyo<\/h1>\t\t\t\t\t\t\t\t<\/div>\n\t\t\t\t<\/div>\n\t\t\t\t\t<\/div>\n\t\t<\/div>\n\t\t\t\t\t<\/div>\n\t\t<\/section>\n\t\t\t\t<section class=\"elementor-section elementor-top-section elementor-element elementor-element-a716da8 elementor-section-boxed elementor-section-height-default elementor-section-height-default parallax_section_no qode_elementor_container_no\" data-id=\"a716da8\" data-element_type=\"section\">\n\t\t\t\t\t\t<div class=\"elementor-container elementor-column-gap-default\">\n\t\t\t\t\t<div class=\"elementor-column elementor-col-100 elementor-top-column elementor-element elementor-element-7373052\" data-id=\"7373052\" data-element_type=\"column\" data-settings=\"{&quot;background_background&quot;:&quot;classic&quot;}\">\n\t\t\t<div class=\"elementor-widget-wrap elementor-element-populated\">\n\t\t\t\t\t\t<div class=\"elementor-element elementor-element-57f013c elementor-widget elementor-widget-spacer\" data-id=\"57f013c\" data-element_type=\"widget\" data-widget_type=\"spacer.default\">\n\t\t\t\t<div class=\"elementor-widget-container\">\n\t\t\t\t\t\t\t<div class=\"elementor-spacer\">\n\t\t\t<div class=\"elementor-spacer-inner\"><\/div>\n\t\t<\/div>\n\t\t\t\t\t\t<\/div>\n\t\t\t\t<\/div>\n\t\t\t\t<div class=\"elementor-element elementor-element-9a6b6e8 elementor-widget elementor-widget-heading\" data-id=\"9a6b6e8\" data-element_type=\"widget\" data-widget_type=\"heading.default\">\n\t\t\t\t<div class=\"elementor-widget-container\">\n\t\t\t\t\t<h1 class=\"elementor-heading-title elementor-size-default\">ELIGE TU CAMINO<\/h1>\t\t\t\t<\/div>\n\t\t\t\t<\/div>\n\t\t\t\t<section class=\"elementor-section elementor-inner-section elementor-element elementor-element-ec129f8 elementor-section-boxed elementor-section-height-default elementor-section-height-default parallax_section_no qode_elementor_container_no\" data-id=\"ec129f8\" data-element_type=\"section\">\n\t\t\t\t\t\t<div class=\"elementor-container elementor-column-gap-default\">\n\t\t\t\t\t<div class=\"elementor-column elementor-col-33 elementor-inner-column elementor-element elementor-element-f2a35e4\" data-id=\"f2a35e4\" data-element_type=\"column\">\n\t\t\t<div class=\"elementor-widget-wrap elementor-element-populated\">\n\t\t\t\t\t\t<div class=\"elementor-element elementor-element-34ba598 elementor-align-center elementor-tablet-align-center elementor-invisible elementor-widget elementor-widget-button\" data-id=\"34ba598\" data-element_type=\"widget\" data-settings=\"{&quot;_animation&quot;:&quot;flash&quot;}\" data-widget_type=\"button.default\">\n\t\t\t\t<div class=\"elementor-widget-container\">\n\t\t\t\t\t\t\t\t\t<div class=\"elementor-button-wrapper\">\n\t\t\t\t\t<a class=\"elementor-button elementor-button-link elementor-size-sm\" href=\"\/es\/job-seekers\/\">\n\t\t\t\t\t\t<span class=\"elementor-button-content-wrapper\">\n\t\t\t\t\t\t\t\t\t<span class=\"elementor-button-text\">BUSCADORES DE EMPLEO<\/span>\n\t\t\t\t\t<\/span>\n\t\t\t\t\t<\/a>\n\t\t\t\t<\/div>\n\t\t\t\t\t\t\t\t<\/div>\n\t\t\t\t<\/div>\n\t\t\t\t\t<\/div>\n\t\t<\/div>\n\t\t\t\t<div class=\"elementor-column elementor-col-33 elementor-inner-column elementor-element elementor-element-f87e92e\" data-id=\"f87e92e\" data-element_type=\"column\">\n\t\t\t<div class=\"elementor-widget-wrap elementor-element-populated\">\n\t\t\t\t\t\t<div class=\"elementor-element elementor-element-8a5573c elementor-align-center elementor-widget elementor-widget-button\" data-id=\"8a5573c\" data-element_type=\"widget\" data-widget_type=\"button.default\">\n\t\t\t\t<div class=\"elementor-widget-container\">\n\t\t\t\t\t\t\t\t\t<div class=\"elementor-button-wrapper\">\n\t\t\t\t\t<a class=\"elementor-button elementor-button-link elementor-size-sm\" href=\"\/es\/employees\/\">\n\t\t\t\t\t\t<span class=\"elementor-button-content-wrapper\">\n\t\t\t\t\t\t\t\t\t<span class=\"elementor-button-text\">EMPLEADOS<\/span>\n\t\t\t\t\t<\/span>\n\t\t\t\t\t<\/a>\n\t\t\t\t<\/div>\n\t\t\t\t\t\t\t\t<\/div>\n\t\t\t\t<\/div>\n\t\t\t\t\t<\/div>\n\t\t<\/div>\n\t\t\t\t<div class=\"elementor-column elementor-col-33 elementor-inner-column elementor-element elementor-element-8174eba\" data-id=\"8174eba\" data-element_type=\"column\">\n\t\t\t<div class=\"elementor-widget-wrap elementor-element-populated\">\n\t\t\t\t\t\t<div class=\"elementor-element elementor-element-20ac437 elementor-align-center elementor-widget__width-initial elementor-mobile-align-center elementor-widget elementor-widget-button\" data-id=\"20ac437\" data-element_type=\"widget\" data-widget_type=\"button.default\">\n\t\t\t\t<div class=\"elementor-widget-container\">\n\t\t\t\t\t\t\t\t\t<div class=\"elementor-button-wrapper\">\n\t\t\t\t\t<a class=\"elementor-button elementor-button-link elementor-size-sm\" href=\"\/es\/clients\/\">\n\t\t\t\t\t\t<span class=\"elementor-button-content-wrapper\">\n\t\t\t\t\t\t\t\t\t<span class=\"elementor-button-text\">EMPRESA<\/span>\n\t\t\t\t\t<\/span>\n\t\t\t\t\t<\/a>\n\t\t\t\t<\/div>\n\t\t\t\t\t\t\t\t<\/div>\n\t\t\t\t<\/div>\n\t\t\t\t\t<\/div>\n\t\t<\/div>\n\t\t\t\t\t<\/div>\n\t\t<\/section>\n\t\t\t\t<div class=\"elementor-element elementor-element-d87d2ed elementor-widget elementor-widget-spacer\" data-id=\"d87d2ed\" data-element_type=\"widget\" data-widget_type=\"spacer.default\">\n\t\t\t\t<div class=\"elementor-widget-container\">\n\t\t\t\t\t\t\t<div class=\"elementor-spacer\">\n\t\t\t<div class=\"elementor-spacer-inner\"><\/div>\n\t\t<\/div>\n\t\t\t\t\t\t<\/div>\n\t\t\t\t<\/div>\n\t\t\t\t\t<\/div>\n\t\t<\/div>\n\t\t\t\t\t<\/div>\n\t\t<\/section>\n\t\t\t\t<section class=\"elementor-section elementor-top-section elementor-element elementor-element-5efdc49 elementor-section-full_width elementor-section-height-default elementor-section-height-default parallax_section_no qode_elementor_container_no\" data-id=\"5efdc49\" data-element_type=\"section\">\n\t\t\t\t\t\t<div class=\"elementor-container elementor-column-gap-default\">\n\t\t\t\t\t<div class=\"elementor-column elementor-col-100 elementor-top-column elementor-element elementor-element-d8c1170\" data-id=\"d8c1170\" data-element_type=\"column\">\n\t\t\t<div class=\"elementor-widget-wrap elementor-element-populated\">\n\t\t\t\t\t\t<div class=\"elementor-element elementor-element-f067d16 elementor-widget elementor-widget-image\" data-id=\"f067d16\" data-element_type=\"widget\" data-widget_type=\"image.default\">\n\t\t\t\t<div class=\"elementor-widget-container\">\n\t\t\t\t\t\t\t\t\t\t\t\t\t\t\t<img fetchpriority=\"high\" decoding=\"async\" width=\"1900\" height=\"888\" src=\"https:\/\/integritystaffingok.com\/wp-content\/uploads\/2024\/08\/Muskogee_slide.png\" class=\"attachment-full size-full wp-image-16817\" alt=\"\" srcset=\"https:\/\/integritystaffingok.com\/wp-content\/uploads\/2024\/08\/Muskogee_slide.png 1900w, https:\/\/integritystaffingok.com\/wp-content\/uploads\/2024\/08\/Muskogee_slide-300x140.png 300w, https:\/\/integritystaffingok.com\/wp-content\/uploads\/2024\/08\/Muskogee_slide-1024x479.png 1024w, https:\/\/integritystaffingok.com\/wp-content\/uploads\/2024\/08\/Muskogee_slide-768x359.png 768w, https:\/\/integritystaffingok.com\/wp-content\/uploads\/2024\/08\/Muskogee_slide-1536x718.png 1536w, https:\/\/integritystaffingok.com\/wp-content\/uploads\/2024\/08\/Muskogee_slide-700x327.png 700w\" sizes=\"(max-width: 1900px) 100vw, 1900px\" \/>\t\t\t\t\t\t\t\t\t\t\t\t\t\t\t<\/div>\n\t\t\t\t<\/div>\n\t\t\t\t\t<\/div>\n\t\t<\/div>\n\t\t\t\t\t<\/div>\n\t\t<\/section>\n\t\t\t\t<section class=\"elementor-section elementor-top-section elementor-element elementor-element-c503989 sg-popup-id-16726 elementor-section-boxed elementor-section-height-default elementor-section-height-default parallax_section_no qode_elementor_container_no\" data-id=\"c503989\" data-element_type=\"section\" id=\"sg-popup-id-16726\">\n\t\t\t\t\t\t<div class=\"elementor-container elementor-column-gap-default\">\n\t\t\t\t\t<div class=\"elementor-column elementor-col-100 elementor-top-column elementor-element elementor-element-fc4f6fe sg-popup-id-16726\" data-id=\"fc4f6fe\" data-element_type=\"column\" id=\"sg-popup-id-16726\">\n\t\t\t<div class=\"elementor-widget-wrap elementor-element-populated\">\n\t\t\t\t\t\t<div class=\"elementor-element elementor-element-55dc14d elementor-widget elementor-widget-text-editor\" data-id=\"55dc14d\" data-element_type=\"widget\" data-widget_type=\"text-editor.default\">\n\t\t\t\t<div class=\"elementor-widget-container\">\n\t\t\t\t\t\t\t\t\t<a href=\"\" class=\"sg-popup-id-17009\"><h1 style=\"text-align: center;\">Bonificaci\u00f3n por recomendaci\u00f3n<\/h1>\n<p style=\"text-align: center;\"><span style=\"color: #89b927;\">M\u00e1s informaci\u00f3n<\/span><\/p><\/a>\t\t\t\t\t\t\t\t<\/div>\n\t\t\t\t<\/div>\n\t\t\t\t\t<\/div>\n\t\t<\/div>\n\t\t\t\t\t<\/div>\n\t\t<\/section>\n\t\t\t\t<section class=\"elementor-section elementor-top-section elementor-element elementor-element-6e01cf3 elementor-section-boxed elementor-section-height-default elementor-section-height-default parallax_section_no qode_elementor_container_no\" data-id=\"6e01cf3\" data-element_type=\"section\">\n\t\t\t\t\t\t<div class=\"elementor-container elementor-column-gap-default\">\n\t\t\t\t\t<div class=\"elementor-column elementor-col-100 elementor-top-column elementor-element elementor-element-443ef7c\" data-id=\"443ef7c\" data-element_type=\"column\">\n\t\t\t<div class=\"elementor-widget-wrap elementor-element-populated\">\n\t\t\t\t\t\t<div class=\"elementor-element elementor-element-e73ab8e elementor-widget elementor-widget-text-editor\" data-id=\"e73ab8e\" data-element_type=\"widget\" data-widget_type=\"text-editor.default\">\n\t\t\t\t<div class=\"elementor-widget-container\">\n\t\t\t\t\t\t\t\t\t<h2 style=\"text-align: center;\">Integridad. Innovaci\u00f3n. Inspiraci\u00f3n<\/h2><div>\u00a0<\/div><p style=\"text-align: center;\">Adoptar la cualidad de ser honesto y tener s\u00f3lidos principios morales. La integridad es el valor que nos concedemos a nosotros mismos. Vemos el cambio como una oportunidad, no como una amenaza. Inspiraremos a profesionales con talento y motivaci\u00f3n con la oportunidad de hacer realidad sus sue\u00f1os.<\/p><p style=\"text-align: center;\">La inspiraci\u00f3n es lo que eres capaz de hacer. La innovaci\u00f3n determina lo que haces. La integridad determina lo bien que lo haces.<\/p>\t\t\t\t\t\t\t\t<\/div>\n\t\t\t\t<\/div>\n\t\t\t\t\t<\/div>\n\t\t<\/div>\n\t\t\t\t\t<\/div>\n\t\t<\/section>\n\t\t\t\t<section class=\"elementor-section elementor-top-section elementor-element elementor-element-437ebf8 elementor-section-full_width elementor-section-content-middle elementor-section-height-default elementor-section-height-default parallax_section_no qode_elementor_container_no\" data-id=\"437ebf8\" data-element_type=\"section\" data-settings=\"{&quot;background_background&quot;:&quot;classic&quot;}\">\n\t\t\t\t\t\t<div class=\"elementor-container elementor-column-gap-default\">\n\t\t\t\t\t<div class=\"elementor-column elementor-col-100 elementor-top-column elementor-element elementor-element-3b115cc\" data-id=\"3b115cc\" data-element_type=\"column\">\n\t\t\t<div class=\"elementor-widget-wrap elementor-element-populated\">\n\t\t\t\t\t\t<div class=\"elementor-element elementor-element-ad8d2b4 elementor-widget elementor-widget-spacer\" data-id=\"ad8d2b4\" data-element_type=\"widget\" data-widget_type=\"spacer.default\">\n\t\t\t\t<div class=\"elementor-widget-container\">\n\t\t\t\t\t\t\t<div class=\"elementor-spacer\">\n\t\t\t<div class=\"elementor-spacer-inner\"><\/div>\n\t\t<\/div>\n\t\t\t\t\t\t<\/div>\n\t\t\t\t<\/div>\n\t\t\t\t<div class=\"elementor-element elementor-element-d0d49cc elementor-widget__width-initial elementor-widget elementor-widget-bridge_testimonials\" data-id=\"d0d49cc\" data-element_type=\"widget\" data-widget_type=\"bridge_testimonials.default\">\n\t\t\t\t<div class=\"elementor-widget-container\">\n\t\t\t\t\t<div class='testimonials_holder clearfix light'><div class=\"testimonials testimonials_carousel\" data-show-navigation=\"yes\" data-animation-type=\"fade\" data-animation-speed=\"\" data-auto-rotate-slides=\"10\" data-number-per-slide=\"1\"><ul class=\"slides\"><li id=\"testimonials17251\" class=\"testimonial_content\"><div class=\"testimonial_content_inner\"><div class=\"testimonial_text_holder\"><div class=\"testimonial_text_inner\" style=\"color: #FFFFFF;\"><p style='font-size:24px;color:#FFFFFF;'>Un s\u00f3lido 10\/10: \u00a1es absolutamente genial trabajar con el equipo!<\/p><p class=\"testimonial_author\" style=\"color: #FFFFFF;font-weight: 500;font-size: 18px;\">Cliente de Integrity Staffing<\/p><\/div><\/div><\/div><\/li><li id=\"testimonials17250\" class=\"testimonial_content\"><div class=\"testimonial_content_inner\"><div class=\"testimonial_text_holder\"><div class=\"testimonial_text_inner\" style=\"color: #FFFFFF;\"><p style='font-size:24px;color:#FFFFFF;'>No podr\u00edamos estar m\u00e1s contentos con la asistencia que recibimos: \u00a1siempre serviciales, receptivos y fiables! Calificar\u00edamos al equipo con un 10 por todo lo que hacen por nosotros.<\/p><p class=\"testimonial_author\" style=\"color: #FFFFFF;font-weight: 500;font-size: 18px;\">Cliente de Integrity Staffing<\/p><\/div><\/div><\/div><\/li><li id=\"testimonials17249\" class=\"testimonial_content\"><div class=\"testimonial_content_inner\"><div class=\"testimonial_text_holder\"><div class=\"testimonial_text_inner\" style=\"color: #FFFFFF;\"><p style='font-size:24px;color:#FFFFFF;'>Ninguna queja - 9\/10 porque siempre se puede mejorar.<\/p><p class=\"testimonial_author\" style=\"color: #FFFFFF;font-weight: 500;font-size: 18px;\">Cliente de Integrity Staffing<\/p><\/div><\/div><\/div><\/li><li id=\"testimonials17248\" class=\"testimonial_content\"><div class=\"testimonial_content_inner\"><div class=\"testimonial_text_holder\"><div class=\"testimonial_text_inner\" style=\"color: #FFFFFF;\"><p style='font-size:24px;color:#FFFFFF;'>Muchas gracias por la r\u00e1pida respuesta y el gran trabajo en equipo. \u00a1Siempre un 10\/10 por el fant\u00e1stico trabajo que hac\u00e9is y el apoyo que prest\u00e1is!<\/p><p class=\"testimonial_author\" style=\"color: #FFFFFF;font-weight: 500;font-size: 18px;\">Cliente de Integrity Staffing<\/p><\/div><\/div><\/div><\/li><li id=\"testimonials17247\" class=\"testimonial_content\"><div class=\"testimonial_content_inner\"><div class=\"testimonial_text_holder\"><div class=\"testimonial_text_inner\" style=\"color: #FFFFFF;\"><p style='font-size:24px;color:#FFFFFF;'>\u00a1Por supuesto que os calificar\u00eda a todos con un 10! Os agradezco todo lo que hac\u00e9is por nosotros.<\/p><p class=\"testimonial_author\" style=\"color: #FFFFFF;font-weight: 500;font-size: 18px;\">Cliente de Integrity Staffing<\/p><\/div><\/div><\/div><\/li><li id=\"testimonials17246\" class=\"testimonial_content\"><div class=\"testimonial_content_inner\"><div class=\"testimonial_text_holder\"><div class=\"testimonial_text_inner\" style=\"color: #FFFFFF;\"><p style='font-size:24px;color:#FFFFFF;'>Gracias por venir siempre a vernos. \u00a110\/10!<\/p><p class=\"testimonial_author\" style=\"color: #FFFFFF;font-weight: 500;font-size: 18px;\">Cliente de Integrity Staffing<\/p><\/div><\/div><\/div><\/li><li id=\"testimonials17245\" class=\"testimonial_content\"><div class=\"testimonial_content_inner\"><div class=\"testimonial_text_holder\"><div class=\"testimonial_text_inner\" style=\"color: #FFFFFF;\"><p style='font-size:24px;color:#FFFFFF;'>Su servicio de atenci\u00f3n al cliente es excelente, sin duda un 9 o 10 en mi opini\u00f3n.<\/p><p class=\"testimonial_author\" style=\"color: #FFFFFF;font-weight: 500;font-size: 18px;\">Cliente de Integrity Staffing<\/p><\/div><\/div><\/div><\/li><li id=\"testimonials17244\" class=\"testimonial_content\"><div class=\"testimonial_content_inner\"><div class=\"testimonial_text_holder\"><div class=\"testimonial_text_inner\" style=\"color: #FFFFFF;\"><p style='font-size:24px;color:#FFFFFF;'>Yo les dar\u00eda un 8-9. Siempre un gran servicio y apoyo - se puede decir que est\u00e1n trabajando duro para ofrecer personal de alta calidad en todo momento.<\/p><p class=\"testimonial_author\" style=\"color: #FFFFFF;font-weight: 500;font-size: 18px;\">Cliente de Integrity Staffing<\/p><\/div><\/div><\/div><\/li><li id=\"testimonials17243\" class=\"testimonial_content\"><div class=\"testimonial_content_inner\"><div class=\"testimonial_text_holder\"><div class=\"testimonial_text_inner\" style=\"color: #FFFFFF;\"><p style='font-size:24px;color:#FFFFFF;'>Yo le dar\u00eda un 10 al equipo de Integrity. Su esfuerzo constante, la calidad de sus candidatos y su profesionalidad hacen de ellos un gran socio con el que trabajar.<\/p><p class=\"testimonial_author\" style=\"color: #FFFFFF;font-weight: 500;font-size: 18px;\">Cliente de Integrity Staffing<\/p><\/div><\/div><\/div><\/li><li id=\"testimonials17242\" class=\"testimonial_content\"><div class=\"testimonial_content_inner\"><div class=\"testimonial_text_holder\"><div class=\"testimonial_text_inner\" style=\"color: #FFFFFF;\"><p style='font-size:24px;color:#FFFFFF;'>Estamos encantados con la profesionalidad y la dedicaci\u00f3n que han demostrado para ayudarnos a encontrar nuevos miembros destacados para nuestro equipo. El equipo va m\u00e1s all\u00e1 para ofrecer candidatos cualificados y proporcionar informaci\u00f3n valiosa. Estamos orgullosos de colaborar con Integrity.<\/p><p class=\"testimonial_author\" style=\"color: #FFFFFF;font-weight: 500;font-size: 18px;\">Cliente de Integrity Staffing<\/p><\/div><\/div><\/div><\/li><\/ul><\/div><\/div>\t\t\t\t<\/div>\n\t\t\t\t<\/div>\n\t\t\t\t<div class=\"elementor-element elementor-element-6bb8b4c elementor-widget elementor-widget-spacer\" data-id=\"6bb8b4c\" data-element_type=\"widget\" data-widget_type=\"spacer.default\">\n\t\t\t\t<div class=\"elementor-widget-container\">\n\t\t\t\t\t\t\t<div class=\"elementor-spacer\">\n\t\t\t<div class=\"elementor-spacer-inner\"><\/div>\n\t\t<\/div>\n\t\t\t\t\t\t<\/div>\n\t\t\t\t<\/div>\n\t\t\t\t\t<\/div>\n\t\t<\/div>\n\t\t\t\t\t<\/div>\n\t\t<\/section>\n\t\t\t\t<\/div>","protected":false},"excerpt":{"rendered":"<p>Our Talent is Finding Yours CHOOSE YOUR PATH JOB SEEKERS EMPLOYEES COMPANY Referral Bonus Click to learn more Integrity. Innovation. Inspiration \u00a0 Embrace the quality of being honest and having strong moral principles. Integrity is the value we place on ourselves. We see change as&#8230;<\/p>","protected":false},"author":1,"featured_media":0,"parent":0,"menu_order":0,"comment_status":"open","ping_status":"open","template":"full_width.php","meta":{"footnotes":""},"class_list":["post-15462","page","type-page","status-publish","hentry"],"_links":{"self":[{"href":"https:\/\/integritystaffingok.com\/es\/wp-json\/wp\/v2\/pages\/15462","targetHints":{"allow":["GET"]}}],"collection":[{"href":"https:\/\/integritystaffingok.com\/es\/wp-json\/wp\/v2\/pages"}],"about":[{"href":"https:\/\/integritystaffingok.com\/es\/wp-json\/wp\/v2\/types\/page"}],"author":[{"embeddable":true,"href":"https:\/\/integritystaffingok.com\/es\/wp-json\/wp\/v2\/users\/1"}],"replies":[{"embeddable":true,"href":"https:\/\/integritystaffingok.com\/es\/wp-json\/wp\/v2\/comments?post=15462"}],"version-history":[{"count":33,"href":"https:\/\/integritystaffingok.com\/es\/wp-json\/wp\/v2\/pages\/15462\/revisions"}],"predecessor-version":[{"id":17255,"href":"https:\/\/integritystaffingok.com\/es\/wp-json\/wp\/v2\/pages\/15462\/revisions\/17255"}],"wp:attachment":[{"href":"https:\/\/integritystaffingok.com\/es\/wp-json\/wp\/v2\/media?parent=15462"}],"curies":[{"name":"wp","href":"https:\/\/api.w.org\/{rel}","templated":true}]}}